{"id":741,"date":"2017-07-31T12:33:28","date_gmt":"2017-07-31T10:33:28","guid":{"rendered":"http:\/\/nemo.informatik.uni-oldenburg.de\/blog\/?page_id=741"},"modified":"2019-06-06T11:12:30","modified_gmt":"2019-06-06T09:12:30","slug":"start","status":"publish","type":"page","link":"https:\/\/nemo-mobilitaet.de\/blog\/de\/start\/","title":{"rendered":""},"content":{"rendered":"<div class=\"display-posts-listing\"><div class=\"listing-item\"><a class=\"title\" href=\"https:\/\/nemo-mobilitaet.de\/blog\/de\/2020\/09\/22\/nemo-praesentiert-sich-online-in-unterfranken\/\">NEMo pr\u00e4sentiert sich online in Unterfranken<\/a> <span class=\"date\">22. September 2020<\/span> <span class=\"excerpt-dash\">-<\/span> <span class=\"excerpt\">Das Forschungsprojekt NEMo ist zwar beendet, dennoch besteht weiterhin gro\u00dfes Interesse an der entwickelten Mobilit\u00e4tsl\u00f6sung f\u00fcr den l\u00e4ndlichen Raum. So&hellip; <span class=\"excerpt-more\"> <a class=\"more-link\" href=\"https:\/\/nemo-mobilitaet.de\/blog\/de\/2020\/09\/22\/nemo-praesentiert-sich-online-in-unterfranken\/\">weiterlesen...<\/a><\/span><\/span><\/div><div class=\"listing-item\"><a class=\"title\" href=\"https:\/\/nemo-mobilitaet.de\/blog\/de\/2020\/09\/03\/nemo-abschlussbericht-nun-verfuegbar\/\">NEMo-Abschlussbericht nun verf\u00fcgbar<\/a> <span class=\"date\">3. September 2020<\/span> <span class=\"excerpt-dash\">-<\/span> <span class=\"excerpt\">Das NEMo-Projekt wurde nach einer Laufzeit von insgesamt vier Jahren Ende M\u00e4rz 2020 erfolgreich abgeschlossen. Um die interessierte \u00d6ffentlichkeit und&hellip; <span class=\"excerpt-more\"> <a class=\"more-link\" href=\"https:\/\/nemo-mobilitaet.de\/blog\/de\/2020\/09\/03\/nemo-abschlussbericht-nun-verfuegbar\/\">weiterlesen...<\/a><\/span><\/span><\/div><div class=\"listing-item\"><a class=\"title\" href=\"https:\/\/nemo-mobilitaet.de\/blog\/de\/2020\/03\/07\/nemo-und-nimo-veranstalten-gemeinsamen-arbeitskreis\/\">NEMo und NiMo veranstalten gemeinsamen Arbeitskreis<\/a> <span class=\"date\">7. M\u00e4rz 2020<\/span> <span class=\"excerpt-dash\">-<\/span> <span class=\"excerpt\">Im Rahmen eines gemeinsamen Arbeitskreistreffens zur Mobilit\u00e4t im l\u00e4ndlichen Raum haben NEMo und NiMo (Netzwerk f\u00fcr intelligente Mobilit\u00e4t) einen interdisziplin\u00e4ren&hellip; <span class=\"excerpt-more\"> <a class=\"more-link\" href=\"https:\/\/nemo-mobilitaet.de\/blog\/de\/2020\/03\/07\/nemo-und-nimo-veranstalten-gemeinsamen-arbeitskreis\/\">weiterlesen...<\/a><\/span><\/span><\/div><div class=\"listing-item\"><a class=\"title\" href=\"https:\/\/nemo-mobilitaet.de\/blog\/de\/2020\/02\/17\/nemo-praesentiert-projektergebnisse-mit-grosser-abschlussveranstaltung\/\">NEMo pr\u00e4sentiert Projektergebnisse mit gro\u00dfer Abschlussveranstaltung<\/a> <span class=\"date\">17. Februar 2020<\/span> <span class=\"excerpt-dash\">-<\/span> <span class=\"excerpt\">Kurz vor Ende der offiziellen Projektlaufzeit von NEMo wurden im Rahmen einer \u00f6ffentlichen Abschlussveranstaltung an der Universit\u00e4t Oldenburg nach vier&hellip; <span class=\"excerpt-more\"> <a class=\"more-link\" href=\"https:\/\/nemo-mobilitaet.de\/blog\/de\/2020\/02\/17\/nemo-praesentiert-projektergebnisse-mit-grosser-abschlussveranstaltung\/\">weiterlesen...<\/a><\/span><\/span><\/div><div class=\"listing-item\"><a class=\"title\" href=\"https:\/\/nemo-mobilitaet.de\/blog\/de\/2019\/11\/29\/nemo-im-zernario-kolloquium-zur-nachhaltigen-raumentwicklung\/\">NEMo im ZERNARiO Kolloquium zur Nachhaltigen Raumentwicklung<\/a> <span class=\"date\">29. November 2019<\/span> <span class=\"excerpt-dash\">-<\/span> <span class=\"excerpt\">ZENARiO b\u00fcndelt raum- und regionalwissenschaftliche Kompetenzen der Nachhaltigkeitsforschung und -lehre an der Universit\u00e4t Oldenburg, die bislang vereinzelt und unverbunden nebeneinander&hellip; <span class=\"excerpt-more\"> <a class=\"more-link\" href=\"https:\/\/nemo-mobilitaet.de\/blog\/de\/2019\/11\/29\/nemo-im-zernario-kolloquium-zur-nachhaltigen-raumentwicklung\/\">weiterlesen...<\/a><\/span><\/span><\/div><div class=\"listing-item\"><a class=\"title\" href=\"https:\/\/nemo-mobilitaet.de\/blog\/de\/2019\/11\/11\/nemo-auf-der-zweiten-zukunftsunternehmen-2019-zum-thema-mobilitaet-und-innovationen\/\">NEMo auf der zweiten Zukunft[s]unternehmen 2019 zum Thema &#8220;Mobilit\u00e4t und Innovationen&#8221;<\/a> <span class=\"date\">11. November 2019<\/span> <span class=\"excerpt-dash\">-<\/span> <span class=\"excerpt\">Die Digitalisierung ver\u00e4ndert unser aller Leben und hat weitreichende Auswirkungen auf die Wettbewerbs- und Innovationsf\u00e4higkeit der deutschen Wirtschaft. Das Innovationspotenzial&hellip; <span class=\"excerpt-more\"> <a class=\"more-link\" href=\"https:\/\/nemo-mobilitaet.de\/blog\/de\/2019\/11\/11\/nemo-auf-der-zweiten-zukunftsunternehmen-2019-zum-thema-mobilitaet-und-innovationen\/\">weiterlesen...<\/a><\/span><\/span><\/div><div class=\"listing-item\"><a class=\"title\" href=\"https:\/\/nemo-mobilitaet.de\/blog\/de\/2019\/10\/21\/nemo-partner-konkretisieren-auf-partnertreffen-letzte-arbeitsschritte\/\">NEMo-Partner konkretisieren auf Partnertreffen letzte Arbeitsschritte<\/a> <span class=\"date\">21. Oktober 2019<\/span> <span class=\"excerpt-dash\">-<\/span> <span class=\"excerpt\">In wenigen Monaten wird das Forschungsprojekt NEMo nach knapp vierj\u00e4hriger Laufzeit enden. Um die noch anstehenden Aufgaben im Detail zu&hellip; <span class=\"excerpt-more\"> <a class=\"more-link\" href=\"https:\/\/nemo-mobilitaet.de\/blog\/de\/2019\/10\/21\/nemo-partner-konkretisieren-auf-partnertreffen-letzte-arbeitsschritte\/\">weiterlesen...<\/a><\/span><\/span><\/div><div class=\"listing-item\"><a class=\"title\" href=\"https:\/\/nemo-mobilitaet.de\/blog\/de\/2019\/10\/08\/zeitschrift-fuer-laendliche-raeume-berichtet-ueber-nemo\/\">Zeitschrift f\u00fcr l\u00e4ndliche R\u00e4ume berichtet \u00fcber NEMo<\/a> <span class=\"date\">8. Oktober 2019<\/span> <span class=\"excerpt-dash\">-<\/span> <span class=\"excerpt\">Das Magazin f\u00fcr l\u00e4ndliche R\u00e4ume LandInForm ver\u00f6ffentlichte in seiner neuesten Ausgabe einen Artikel im NEMo-Kontext. Der Beitrag geht dabei konkret&hellip; <span class=\"excerpt-more\"> <a class=\"more-link\" href=\"https:\/\/nemo-mobilitaet.de\/blog\/de\/2019\/10\/08\/zeitschrift-fuer-laendliche-raeume-berichtet-ueber-nemo\/\">weiterlesen...<\/a><\/span><\/span><\/div><\/div>\n","protected":false},"excerpt":{"rendered":"","protected":false},"author":1,"featured_media":0,"parent":0,"menu_order":0,"comment_status":"closed","ping_status":"closed","template":"","meta":{"footnotes":"","_links_to":"","_links_to_target":""},"_links":{"self":[{"href":"https:\/\/nemo-mobilitaet.de\/blog\/wp-json\/wp\/v2\/pages\/741"}],"collection":[{"href":"https:\/\/nemo-mobilitaet.de\/blog\/wp-json\/wp\/v2\/pages"}],"about":[{"href":"https:\/\/nemo-mobilitaet.de\/blog\/wp-json\/wp\/v2\/types\/page"}],"author":[{"embeddable":true,"href":"https:\/\/nemo-mobilitaet.de\/blog\/wp-json\/wp\/v2\/users\/1"}],"replies":[{"embeddable":true,"href":"https:\/\/nemo-mobilitaet.de\/blog\/wp-json\/wp\/v2\/comments?post=741"}],"version-history":[{"count":23,"href":"https:\/\/nemo-mobilitaet.de\/blog\/wp-json\/wp\/v2\/pages\/741\/revisions"}],"predecessor-version":[{"id":2605,"href":"https:\/\/nemo-mobilitaet.de\/blog\/wp-json\/wp\/v2\/pages\/741\/revisions\/2605"}],"wp:attachment":[{"href":"https:\/\/nemo-mobilitaet.de\/blog\/wp-json\/wp\/v2\/media?parent=741"}],"curies":[{"name":"wp","href":"https:\/\/api.w.org\/{rel}","templated":true}]}}