{"id":713,"date":"2017-03-27T11:20:01","date_gmt":"2017-03-27T09:20:01","guid":{"rendered":"http:\/\/nemo.informatik.uni-oldenburg.de\/blog\/?page_id=713"},"modified":"2022-08-16T20:20:50","modified_gmt":"2022-08-16T18:20:50","slug":"contact","status":"publish","type":"page","link":"https:\/\/nemo-mobilitaet.de\/blog\/en\/contact\/","title":{"rendered":"Contact"},"content":{"rendered":"<p>Prof. Dr.-Ing. Jorge Marx G\u00f3mez<br \/>\nE-Mail: <a href=\"mailto:jorge.marx.gomez@uni-oldenburg.de\">jorge.marx.gomez(at)uni-oldenburg.de<\/a><\/p>\n<p><strong>Post address:<\/strong><br \/>\nCarl von Ossietzky Universit\u00e4t Oldenburg<br \/>\nFakult\u00e4t II &#8211; Department f\u00fcr Informatik<br \/>\nAbt. Wirtschaftsinformatik \/ VLBA<br \/>\nAmmerl\u00e4nder Heerstr. 114-118<br \/>\n26129 Oldenburg \/ Germany<\/p>\n<p>Tel.: +49 (0) 441 \/ 798 \u2013 44 78<br \/>\nFax: +49 (0) 441 \/ 798 \u2013 44 72<\/p>\n<p>Informationen on arrival: <a href=\"https:\/\/www.uni-oldenburg.de\/en\/vlba\/visit-us\/\" target=\"_blank\" rel=\"noopener noreferrer\">Arrival University of Oldenburg<\/a><\/p>\n<hr \/>\n","protected":false},"excerpt":{"rendered":"<p>Prof. Dr.-Ing. Jorge Marx G\u00f3mez E-Mail: jorge.marx.gomez(at)uni-oldenburg.de Post address: Carl von Ossietzky Universit\u00e4t Oldenburg Fakult\u00e4t II &#8211; Department f\u00fcr Informatik Abt. Wirtschaftsinformatik \/ VLBA Ammerl\u00e4nder Heerstr. 114-118 26129 Oldenburg \/ Germany Tel.: +49 (0) 441 \/ 798 \u2013 44 78 Fax: +49 (0) 441 \/ 798 \u2013 44 72 Informationen <a class=\"more-link\" href=\"https:\/\/nemo-mobilitaet.de\/blog\/en\/contact\/\">weiterlesen&#8230;<\/a><\/p>\n","protected":false},"author":1,"featured_media":0,"parent":0,"menu_order":0,"comment_status":"closed","ping_status":"closed","template":"","meta":{"footnotes":"","_links_to":"","_links_to_target":""},"_links":{"self":[{"href":"https:\/\/nemo-mobilitaet.de\/blog\/wp-json\/wp\/v2\/pages\/713"}],"collection":[{"href":"https:\/\/nemo-mobilitaet.de\/blog\/wp-json\/wp\/v2\/pages"}],"about":[{"href":"https:\/\/nemo-mobilitaet.de\/blog\/wp-json\/wp\/v2\/types\/page"}],"author":[{"embeddable":true,"href":"https:\/\/nemo-mobilitaet.de\/blog\/wp-json\/wp\/v2\/users\/1"}],"replies":[{"embeddable":true,"href":"https:\/\/nemo-mobilitaet.de\/blog\/wp-json\/wp\/v2\/comments?post=713"}],"version-history":[{"count":9,"href":"https:\/\/nemo-mobilitaet.de\/blog\/wp-json\/wp\/v2\/pages\/713\/revisions"}],"predecessor-version":[{"id":3238,"href":"https:\/\/nemo-mobilitaet.de\/blog\/wp-json\/wp\/v2\/pages\/713\/revisions\/3238"}],"wp:attachment":[{"href":"https:\/\/nemo-mobilitaet.de\/blog\/wp-json\/wp\/v2\/media?parent=713"}],"curies":[{"name":"wp","href":"https:\/\/api.w.org\/{rel}","templated":true}]}}