{"id":702,"date":"2017-03-27T10:41:43","date_gmt":"2017-03-27T08:41:43","guid":{"rendered":"http:\/\/nemo.informatik.uni-oldenburg.de\/blog\/?page_id=702"},"modified":"2018-09-20T15:44:52","modified_gmt":"2018-09-20T13:44:52","slug":"publications","status":"publish","type":"page","link":"https:\/\/nemo-mobilitaet.de\/blog\/en\/publications\/","title":{"rendered":"Publications"},"content":{"rendered":"<ul>\n<li><a href=\"#2018\">2018<\/a><\/li>\n<li><a href=\"#2017\">2017<\/a><\/li>\n<li><a href=\"#2016\">2016<\/a><\/li>\n<li><a href=\"#2015\">2015 and earlier<\/a><\/li>\n<\/ul>\n<h3>2018 <span id=\"2018\" class=\"sta-anchor \" aria-hidden=\"true\"><\/span><\/h3>\n<ul>\n<li>Pieper, N. und Woisetschl\u00e4ger, D. M. (2018) <strong>Two sides of one coin: misbehavior and identification \u2013 A multilevel study in the context of carsharing.<\/strong> In: Proceedings of the 43rd Annual Macromarketing Conference, Leipzig, DE.<\/li>\n<li>Jahns, M.; Woisetschl\u00e4ger, D. M. und Seegebarth, B. (2018): <strong>Never trust a stranger \u2013 Even if (s)he is beautiful? \u2013 How attractiveness, gender, and role of associates influence ridesharing intention.<\/strong> In: Proceedings of the European Marketing Academy Conference, Glasgow, UK.<\/li>\n<li>Pieper, N.; Jahns, M., Woisetschl\u00e4ger, D. M. und Desanzo, J. M. (2018): <strong>The importance of sense of regional community for adopting technology-enabled peer-to-peer ridesharing in rural areas \u2013 An experimental study design.<\/strong> In: Bungartz, H.-J.; Kranzlm\u00fcller, D.; Weinberg, V.; Weism\u00fcller, J.; Wohlgemuth, V. (Hrsg.): Environmental Informatics \u2013 Techniques and Trends. Shaker Verlag, Aachen, S. 297-301.<\/li>\n<li>D\u00e4hlmann, K.; Sauer, J. (2018): <strong>A Hybrid Fuzzy Controller for Human-like Decision Making in Modal Choice Situations.<\/strong> In: Bungartz, H.-J.; Kranzlm\u00fcller, D.; Weinberg, V.; Weism\u00fcller, J.; Wohlgemuth, V. (Hg.): Adjunct Proceedings of the 32nd EnviroInfo conference, Garching bei M\u00fcnchen.<\/li>\n<li>Hebig, K.; Winter, A. und Kuryazov, D.: <strong>Development of a catalog describing and classifying mobility services in the NEMo project.<\/strong> In: Bungartz, H.-J.; Kranzlm\u00fcller, D.; Weinberg, V.; Weism\u00fcller, J.; Wohlgemuth, V. (Hg.): Adjunct Proceedings of the 32nd EnviroInfo conference, Garching bei M\u00fcnchen.\n<li>Kuryazov, D.; Winter, A. und Sandau, A. (2018): <strong>Sustainable Software Architecture for NEMo Mobility Platform<\/strong>. In: Marx G\u00f3mez, J.; Solsbach, A.; Klenke, T. und Wohlgemuth, V. (Hg.): Tagungsband der 10. BUIS-Tage, Oldenburg.<\/li>\n<li>D\u00e4hlmann, K. und Sauer, J. (2018): <strong>Towards an Integrated Agent and Environment Architecture for Simulation of Human Decision Making and Behavior<\/strong>. In: Marx G\u00f3mez, J.; Solsbach, A.; Klenke, T. und Wohlgemuth, V. (Hg.): Tagungsband der 10. BUIS-Tage, Oldenburg.<\/li>\n<li>Hebig, K.; Sandau, A. und Winter, A. (2018): <strong>Anforderungserhebung zur Einbettung von nachhaltigen Mobilit\u00e4tsdiensten in dem Projekt NEMo<\/strong>. In: Marx G\u00f3mez, J.; Solsbach, A.; Klenke, T. und Wohlgemuth, V. (Hg.): Tagungsband der 10. BUIS-Tage, Oldenburg.<\/li>\n<li>Wenninghoff, N. und Sandau, A. (2018): <strong>Agentensystem zur Steigerung der Betriebsbereitschaft automatisierter Fahrzeuge<\/strong>. In: Marx G\u00f3mez, J.; Solsbach, A.; Klenke, T. und Wohlgemuth, V. (Hg.): Tagungsband der 10. BUIS-Tage, Oldenburg.<\/li>\n<li>Dietrich, B.; Sandau, A. und Marx G\u00f3mez, J. (2018): <strong>Reduzierung von Pendelverkehr durch IKT-gest\u00fctzte Fahrgemeinschaften<\/strong>. In: Marx G\u00f3mez, J.; Solsbach, A.; Klenke, T. und Wohlgemuth, V. (Hg.): Tagungsband der 10. BUIS-Tage, Oldenburg.<\/li>\n<li>Sandau, A.; Dietrich, B.; Akyol, A. und Wagner vom Berg, B. (2018):<strong> Steigerung der Sensibilit\u00e4t f\u00fcr nachhaltige Mobilit\u00e4t durch die mobile Reiseapplikation Guyde<\/strong>. In: Drews, P.; Funk, B.; Niemeyer, P. und Xie, L. (Hg.): Tagungsband Multikonferenz Wirtschaftsinformatik 2018, L\u00fcneburg.<\/li>\n<\/ul>\n<h3>2017 <span id=\"2017\" class=\"sta-anchor \" aria-hidden=\"true\"><\/span><\/h3>\n<ul>\n<li>Samland, U. (2017): <strong>Peripherisierung und r\u00e4umliche Mobilit\u00e4t im l\u00e4ndlichen Raum<\/strong>. In: Stephan Lessenich (Hg.): Geschlossene Gesellschaften. Verhandlungen des 38. Kongresses der Deutschen Gesellschaft f\u00fcr Soziologie in Bamberg 2016<\/li>\n<li>Akyol, A.; Halberstadt, J.; Hebig, K; Jelschen, J; Winter, A.; Sandau, A. und Marx G\u00f3mez, J.; <strong>Flexible Software Support for Mobility Services<\/strong>, GI-Proceedings Band 275 (2017)<\/li>\n<li>Pieper, N.; Jahns, M. and Woisetschl\u00e4ger, D.M. (2017): <strong>&#8216;Getting the hitchhiking ball rolling on rural areas&#8217; &#8211; Drivers and barriers of peer-to-peer ridesharing usage itention.<\/strong> From Science to Society: The Bridge provided by Environmental Informatics, 2017<\/li>\n<li style=\"text-align: justify;\">Sandau, A. and Marx G\u00f3mez, J. (2017): <strong>New Era of Fleet Management Systems for Autonomous Vehicles.<\/strong> From Science to Society &#8211; New Trends in Environmental Informatics, 2017<\/li>\n<li style=\"text-align: justify;\">Akyol, A.; Halberstadt, J.; Hebig, K.; Kuryazov, D.; Jelschen, J.; Winter, A.; Sandau, A. and Marx G\u00f3mez, J. (2017). <strong>Flexible Software Support of Imovated Mobility Business Models.<\/strong> From Science to Society: The Bridge provided by Environmental Informatics, 2017<\/li>\n<li style=\"text-align: justify;\">Wagner vom Berg, B.; Marx G\u00f3mez, J. and Sandau, A. (2017). <strong>ICT-platform to transform car dealerships to regional providers of sustainable mobility services.<\/strong> Interdisciplinary Journal of Information, Knowledge, and Management, 12, 37-51. Retrieved from <a href=\"http:\/\/www.informingscience.org\/Publications\/3652\" target=\"_blank\" rel=\"noopener\">http:\/\/www.informingscience.org\/Publications\/3652<\/a><\/li>\n<\/ul>\n<h3>2016 <span id=\"2016\" class=\"sta-anchor \" aria-hidden=\"true\"><\/span><\/h3>\n<ul>\n<li style=\"text-align: justify;\">Wagner vom Berg, B.; Brinkmann, M. and Marx G\u00f3mez, J.: <strong>Conception of a Big Data platform in context of power economy<\/strong>, 2016, 4th International Conference on ICT for Sustainability (ICT4S), Amsterdam, 30. August \u2013 02. September<\/li>\n<li style=\"text-align: justify;\">Sandau, A.; Wagner vom Berg, B. and Marx G\u00f3mez, J.: <strong>Trends in Mobility: A Competitive Based Approach for Virtual Mobility Providers to Participate in Transportation Markets<\/strong>, 2016, Advances and New Trends in Environmental Informatics<\/li>\n<li style=\"text-align: justify;\">Jelschen, J.; K\u00fcpker, C.; Winter, A.; Sandau, A.; Wagner vom Berg, B. and Marx G\u00f3mez, J.: <strong>Towards a Sustainable Software Architecture for the NEMo Mobility Platform<\/strong>, 2016, Adjunct Proceedings of the 30th edition of the EnviroInfo<\/li>\n<li>Mau, D.; Tostmann, J.; Woisetschl\u00e4ger, D. M. and Pieper, N.: <strong>What drives profitability of electric vehicles in mixed fleets? \u2013 An empirical analysis based on data logger information<\/strong>, 2016, Adjunct Proceedings of the 30th edition of the EnviroInfo<\/li>\n<li style=\"text-align: justify;\">Samland, U.: <strong>The possibility of collaborative mobility in rural areas<\/strong>, 2016, Adjunct Proceedings of the 30th edition of the EnviroInfo<\/li>\n<li style=\"text-align: justify;\">Sandau, A.; Marx G\u00f3mez, J.; Stamer, D.; Wagner vom Berg, B. and Halberstadt, J.: <strong>Model of mobility demands for future short distance public transport systems<\/strong>, 2016, 2016 International Conference on Information Resource Management<\/li>\n<li style=\"text-align: justify;\">Wagner vom Berg, B.; Cordts, M.; G\u00e4belein, T.; Marx G\u00f3mez, J.; Sandau, A.; Stamer, D. and Uphoff, K. (2016): <strong>Mobility 2020 &#8211; IKT-gest\u00fctzte Transformation von Autoh\u00e4usern zum regionalen Anbieter nachhaltiger Mobilit\u00e4t<\/strong>. Tagungsband der MKWI 2016. TU Illmenau.<\/li>\n<li style=\"text-align: justify;\">Ommen, N.; Blut M.; Backhaus C. und Woisetschl\u00e4ger, D. M. (2016): <strong>Toward a better understanding of stakeholder participation in the service innovation process: More than one path to success<\/strong>, Journal of Business Research, doi:10.1016\/j.jbusres.2016.01.010.<\/li>\n<\/ul>\n<h3>2015 und fr\u00fcher <span id=\"2015\" class=\"sta-anchor \" aria-hidden=\"true\"><\/span><\/h3>\n<ul>\n<li style=\"text-align: justify;\">Wagner vom Berg, B. (2015): <strong>Konzeption eines Sustainability Customer Relationship Management (SusCRM) f\u00fcr Anbieter nachhaltiger Mobilit\u00e4t.<\/strong> Shaker Verlag, Aachen.<\/li>\n<li style=\"text-align: justify;\">Jelschen, J.: <strong>Service-Oriented Toolchains for Software Evolution.<\/strong> In: Proceedings of the 9th International Symposium on the Maintenance and Evolution of Service-Oriented and Cloud-Based Environments (MESOCA), p. 51\u201358. IEEE, 2015.<\/li>\n<li style=\"text-align: justify;\">Grundmeier, N.; Hahn, A.; Ihle, N.; Runge, S. and Meyer-Barlag, C.: <strong>A simulation based approach to forecast a demand load curve for a container terminal using battery powered vehicles<\/strong>. In: 2014 International Joint Conference on Neural Networks (IJCNN), IEEE, S.1711-1718, 7\/2014<\/li>\n<li style=\"text-align: justify;\">Wagner vom Berg, B.; Marx G\u00f3mez, J. and K\u00f6ster, F. (2014): <strong>Modell eines Sustainability CRM (SusCRM) f\u00fcr Mobilit\u00e4t<\/strong>: Tagungsband der MKWI 2014. Paderborn, 26.-28. Februar, S. 1332-1345. Universit\u00e4t Paderborn.<\/li>\n<li style=\"text-align: justify;\">Stamer, D.; Sandau, A. and Wagner vom Berg, B.: <b>Modellierung von Mobilit\u00e4tsverhalten zur Unterst\u00fctzung nachhaltiger, multimodaler Mobilit\u00e4tsentscheidgungen<\/b>, 2014, Konzepte, Anwendungen und Entwicklungstendenzen von betrieblichen Umweltinformationssystemen &#8211; Tagungsband zu den 6. BUIS-Tagen<\/li>\n<li style=\"text-align: justify;\">Sandau, A. and Stamer, D.: <b>Telemetric Transport Mode Validation<\/b>, 2014, Proceedings of the 28th Conference on Environmental Informatics &#8211; EnviroInfo 2014 &#8211; ICT for Energy Efficiency<\/li>\n<li style=\"text-align: justify;\">Woisetschl\u00e4ger, D. M.; Pieper, N. und Backhaus, C. (2013): <strong>Social Effects in Consumer Behavior: How Subjective Norms and Co-Consuming Others Affect Behavioral Intentions<\/strong>. In: Proceedings of the 2013 AMA Winter Marketing Educators\u2019 Conference, Las Vegas, NV, US.<\/li>\n<li style=\"text-align: justify;\">Wagner vom Berg, B.; Norrenbrock, R. and Marx G\u00f3mez, J. (2013): <strong>Incentive Scheme within a Sustainability CRM for Mobility.<\/strong> Proceedings of the 27thEnviroInfo 2013 Conference, Hamburg, Germany, September 2\u20134, pp.470-480. Aachen, Shaker Verlag.<\/li>\n<li style=\"text-align: justify;\">Wagner vom Berg, B.: <strong>Sustainable Mobility accelerated by a Sustainability CRM<\/strong>. In: Comby, J.; Eames, K.A.T.; Guiher\u00fd, L.; Marx G\u00f3mez, J.; \u00d6ktem, A.U. (Ed.): Developing Sustainability. A collection of selected papers by the Dorich House Group of European Universities, p. 297-312. Istanbul: Istanbul Bilgi University Press. 2013.<\/li>\n<li style=\"text-align: justify;\">K\u00f6lpin, S.; Stamer, D. and Wagner vom Berg, B.: <strong>Using key performance indicators and multi-criteria decision analysis to compare the sustainability of mobility.<\/strong> ITEE 2013. 2013.<\/li>\n<li style=\"text-align: justify;\">Gieselmann, T.; Severith, M.; Wagner vom Berg, B.; Memari, A. and Marx G\u00f3mez, J.: <strong>Data Mining in the Closed-Loop CRM Approach for Improving Sustainable Intermodal Mobility.<\/strong> Proceedings of the 1st International Conference on Information &amp; Communication Technologies for Sustainability, ETH Zurich, February 14-16. 2013.<\/li>\n<li style=\"text-align: justify;\">Severith, M., Gieselmann, T., Wagner vom Berg, B. and Marx G\u00f3mez, J.: <strong>Data Mining im Rahmen eines Sustainability Customer Relationship Management zur Optimierung mulitmodaler Mobilit\u00e4t.<\/strong> 5. BUIS-Tage: IT-gest\u00fctztes Ressourcen- und Energiemanagement. 2013.<\/li>\n<li style=\"text-align: justify;\">Hoerstebrock, T.; Hahn, A. and Sauer, J.: <strong>Tool based Assessment of Electromobility in Urban Logistics<\/strong>. In: Rafael Alejandro Espin Andrade, Rafael Bello P\u00e9rez, Angel Cobo, Jorge Marx Gomez (Hrsg.): Soft Computing for Business Intelligence, S.379-395, Springer, 1\/2013<\/li>\n<li style=\"text-align: justify;\">Hoerstebrock, T. and Hahn, A.: <strong>An Approach Towards Service Infrastructure Optimization for Electromobility<\/strong>. In: Michael H\u00fclsmann, Dirk Fornahl (Hrsg.): Evolutionary Paths Towards the Mobility Patterns of the Future, Springer, 12\/2012<\/li>\n<\/ul>\n","protected":false},"excerpt":{"rendered":"<p>2018 2017 2016 2015 and earlier 2018 Pieper, N. und Woisetschl\u00e4ger, D. M. (2018) Two sides of one coin: misbehavior and identification \u2013 A multilevel study in the context of carsharing. In: Proceedings of the 43rd Annual Macromarketing Conference, Leipzig, DE. Jahns, M.; Woisetschl\u00e4ger, D. M. und Seegebarth, B. (2018): <a class=\"more-link\" href=\"https:\/\/nemo-mobilitaet.de\/blog\/en\/publications\/\">weiterlesen&#8230;<\/a><\/p>\n","protected":false},"author":1,"featured_media":0,"parent":0,"menu_order":0,"comment_status":"closed","ping_status":"closed","template":"","meta":{"footnotes":"","_links_to":"","_links_to_target":""},"_links":{"self":[{"href":"https:\/\/nemo-mobilitaet.de\/blog\/wp-json\/wp\/v2\/pages\/702"}],"collection":[{"href":"https:\/\/nemo-mobilitaet.de\/blog\/wp-json\/wp\/v2\/pages"}],"about":[{"href":"https:\/\/nemo-mobilitaet.de\/blog\/wp-json\/wp\/v2\/types\/page"}],"author":[{"embeddable":true,"href":"https:\/\/nemo-mobilitaet.de\/blog\/wp-json\/wp\/v2\/users\/1"}],"replies":[{"embeddable":true,"href":"https:\/\/nemo-mobilitaet.de\/blog\/wp-json\/wp\/v2\/comments?post=702"}],"version-history":[{"count":4,"href":"https:\/\/nemo-mobilitaet.de\/blog\/wp-json\/wp\/v2\/pages\/702\/revisions"}],"predecessor-version":[{"id":2478,"href":"https:\/\/nemo-mobilitaet.de\/blog\/wp-json\/wp\/v2\/pages\/702\/revisions\/2478"}],"wp:attachment":[{"href":"https:\/\/nemo-mobilitaet.de\/blog\/wp-json\/wp\/v2\/media?parent=702"}],"curies":[{"name":"wp","href":"https:\/\/api.w.org\/{rel}","templated":true}]}}