{"id":57,"date":"2016-04-07T18:01:22","date_gmt":"2016-04-07T16:01:22","guid":{"rendered":"http:\/\/www.nemo-mobilitaet.de\/blog\/?page_id=57"},"modified":"2017-03-21T15:55:50","modified_gmt":"2017-03-21T13:55:50","slug":"impressum","status":"publish","type":"page","link":"https:\/\/nemo-mobilitaet.de\/blog\/de\/impressum\/","title":{"rendered":"Impressum"},"content":{"rendered":"<p><strong>Impressum <\/strong><br \/>\nCarl von Ossietzky Universit\u00e4t Oldenburg<br \/>\nAmmerl\u00e4nder Heerstr. 114-118<br \/>\n26129 Oldenburg<br \/>\nTelefon: +49 441 798-0<br \/>\nTelefax: +49 441 798-3000<br \/>\nE-Mail: <a href=\"mailto:internet@uni-oldenburg.de\">internet(at)uni-oldenburg.de<\/a><br \/>\nInternet:\u00a0<a href=\"https:\/\/www.uni-oldenburg.de\/\">www.uni-oldenburg.de<\/a><\/p>\n<p style=\"text-align: justify;\">Die Universit\u00e4t Oldenburg ist eine K\u00f6rperschaft des \u00d6ffentlichen Rechts. Sie wird durch den Pr\u00e4sidenten gesetzlich vertreten.<\/p>\n<p style=\"text-align: justify;\">Zust\u00e4ndige Aufsichtsbeh\u00f6rde: Nieders\u00e4chsisches Ministerium f\u00fcr Wissenschaft und Kultur (MWK), Leibnizufer 9 (Postfach 261), 30002 Hannover<\/p>\n<p style=\"text-align: justify;\">Umsatzsteuer-Identifikationsnummer gem\u00e4\u00df \u00a7 27a Umsatzsteuergesetz: DE 811184499<\/p>\n<p><strong>Inhaltlich verantwortlich:<\/strong><br \/>\n<strong>Prof. Dr.-Ing. Jorge Marx G\u00f3mez<\/strong><br \/>\nCarl von Ossietzky Universit\u00e4t Oldenburg<br \/>\nFakult\u00e4t II &#8211; Department f\u00fcr Informatik<br \/>\nAbt. Wirtschaftsinformatik \/ VLBA<br \/>\nAmmerl\u00e4nder Heerstr. 114-118<br \/>\n26129 Oldenburg \/ Germany<\/p>\n<p>E-Mail: <a href=\"mailto:jorge.marx.gomez@uni-oldenburg.de\">jorge.marx.gomez[at]uni-oldenburg.de<\/a><\/p>\n<p><strong> Haftungsausschluss <\/strong><\/p>\n<p style=\"text-align: justify;\">Die Verantwortlichen der Universit\u00e4t Oldenburg haben die Informationen auf den Seiten ihrer Internetpr\u00e4senz mit gr\u00f6\u00dftm\u00f6glicher Sorgfalt zusammengestellt. Dennoch kann die Universit\u00e4t Oldenburg keinerlei Gew\u00e4hr f\u00fcr die Aktualit\u00e4t, Korrektheit, Vollst\u00e4ndigkeit oder Qualit\u00e4t der bereitgestellten Informationen und Daten \u00fcbernehmen. Daher sind Haftungsanspr\u00fcche gegen die Universit\u00e4t Oldenburg, die Verantwortlichen dieser Internetseite oder die Autoren der jeweiligen Artikel f\u00fcr Sch\u00e4den materieller oder immaterieller Art, die auf m\u00f6glicherweise fehlerhaften oder unvollst\u00e4ndigen Informationen und Daten beruhen, ausgeschlossen, soweit nicht Vorsatz oder grobe Fahrl\u00e4ssigkeit vorliegt. Dies gilt auch f\u00fcr Informationen auf Internetseiten, auf die mittels eines Hyperlinks verwiesen wird. Zum Zeitpunkt der Verlinkung war der Inhalt frei von illegalen Inhalten. Auf die Gestaltung der gelinkten Internetseiten kann die Universit\u00e4t Oldenburg keinerlei Einfluss nehmen. Eine st\u00e4ndige inhaltliche Kontrolle der verlinkten Seiten ist ohne das Vorliegen konkreter Anhaltspunkte einer Rechtsverletzung dar\u00fcber hinaus nicht zumutbar. Der Inhalt dieser Seiten liegt daher vollst\u00e4ndig au\u00dferhalb des Verantwortungsbereichs der Universit\u00e4t Oldenburg. Die Universit\u00e4t Oldenburg macht sich den Inhalt der verlinkten Internetseiten nicht zu eigen. F\u00fcr Sch\u00e4den, die aus fehlerhaften oder unvollst\u00e4ndigen Inhalten auf den mittels Link verwiesenen Internetseiten resultieren, haftet die Universit\u00e4t Oldenburg, die Verantwortlichen dieser Internetseite bzw. die Autoren nicht.<\/p>\n","protected":false},"excerpt":{"rendered":"<p>Impressum Carl von Ossietzky Universit\u00e4t Oldenburg Ammerl\u00e4nder Heerstr. 114-118 26129 Oldenburg Telefon: +49 441 798-0 Telefax: +49 441 798-3000 E-Mail: internet(at)uni-oldenburg.de Internet:\u00a0www.uni-oldenburg.de Die Universit\u00e4t Oldenburg ist eine K\u00f6rperschaft des \u00d6ffentlichen Rechts. Sie wird durch den Pr\u00e4sidenten gesetzlich vertreten. Zust\u00e4ndige Aufsichtsbeh\u00f6rde: Nieders\u00e4chsisches Ministerium f\u00fcr Wissenschaft und Kultur (MWK), Leibnizufer 9 (Postfach <a class=\"more-link\" href=\"https:\/\/nemo-mobilitaet.de\/blog\/de\/impressum\/\">weiterlesen&#8230;<\/a><\/p>\n","protected":false},"author":1,"featured_media":0,"parent":0,"menu_order":0,"comment_status":"closed","ping_status":"closed","template":"","meta":{"footnotes":"","_links_to":"","_links_to_target":""},"_links":{"self":[{"href":"https:\/\/nemo-mobilitaet.de\/blog\/wp-json\/wp\/v2\/pages\/57"}],"collection":[{"href":"https:\/\/nemo-mobilitaet.de\/blog\/wp-json\/wp\/v2\/pages"}],"about":[{"href":"https:\/\/nemo-mobilitaet.de\/blog\/wp-json\/wp\/v2\/types\/page"}],"author":[{"embeddable":true,"href":"https:\/\/nemo-mobilitaet.de\/blog\/wp-json\/wp\/v2\/users\/1"}],"replies":[{"embeddable":true,"href":"https:\/\/nemo-mobilitaet.de\/blog\/wp-json\/wp\/v2\/comments?post=57"}],"version-history":[{"count":7,"href":"https:\/\/nemo-mobilitaet.de\/blog\/wp-json\/wp\/v2\/pages\/57\/revisions"}],"predecessor-version":[{"id":238,"href":"https:\/\/nemo-mobilitaet.de\/blog\/wp-json\/wp\/v2\/pages\/57\/revisions\/238"}],"wp:attachment":[{"href":"https:\/\/nemo-mobilitaet.de\/blog\/wp-json\/wp\/v2\/media?parent=57"}],"curies":[{"name":"wp","href":"https:\/\/api.w.org\/{rel}","templated":true}]}}