{"id":2153,"date":"2018-07-30T13:50:32","date_gmt":"2018-07-30T11:50:32","guid":{"rendered":"http:\/\/nemo-mobilitaet.de\/blog\/?page_id=2153"},"modified":"2020-10-16T14:01:59","modified_gmt":"2020-10-16T12:01:59","slug":"fahrkreis-fahrplan","status":"publish","type":"page","link":"https:\/\/nemo-mobilitaet.de\/blog\/de\/fahrkreis-fahrplan\/","title":{"rendered":"Fahrkreis \u2013 Mobilit\u00e4t planen. Gemeinsam fahren. Einander unterst\u00fctzen."},"content":{"rendered":"\n<div class=\"wp-block-image\"><figure class=\"alignleft\"><img decoding=\"async\" loading=\"lazy\" width=\"150\" height=\"150\" src=\"http:\/\/nemo-mobilitaet.de\/blog\/wp-content\/uploads\/2018\/07\/Fahrkreis_icon-150x150.png\" alt=\"\" class=\"wp-image-2349\" srcset=\"https:\/\/nemo-mobilitaet.de\/wp-content\/uploads\/2018\/07\/Fahrkreis_icon-150x150.png 150w, https:\/\/nemo-mobilitaet.de\/wp-content\/uploads\/2018\/07\/Fahrkreis_icon-300x300.png 300w, https:\/\/nemo-mobilitaet.de\/wp-content\/uploads\/2018\/07\/Fahrkreis_icon-768x768.png 768w, https:\/\/nemo-mobilitaet.de\/wp-content\/uploads\/2018\/07\/Fahrkreis_icon-1024x1024.png 1024w\" sizes=\"(max-width: 150px) 100vw, 150px\" \/><\/figure><\/div>\n\n\n\n<p>Ein zentrales Ergebnis des Forschungsprojekts \u201eNEMo \u2013 Nachhaltige Erf\u00fcllung von Mobilit\u00e4tsbed\u00fcrfnissen im l\u00e4ndlichen Raum\u201c ist der Prototyp der NEMo-App <em>Fahrkreis<\/em>. Die App <em>Fahrkreis<\/em> soll B\u00fcrgerinnen und B\u00fcrgern l\u00e4ndlicher R\u00e4ume dabei unterst\u00fctzen, einfacher von A nach B zu kommen. Um dies zu erreichen, verfolgt <em>Fahrkreis<\/em> verschiedene Ans\u00e4tze: Zum Beispiel durch eine Mobilit\u00e4tsauskunft, die Organisation von Mitfahrm\u00f6glichkeiten oder die St\u00e4rkung der Gemeinschaft, indem Interessen zusammengef\u00fchrt werden. Was steckt hinter den einzelnen Funktionen?<\/p>\n\n\n\n<p><span class=\"has-inline-color has-vivid-red-color\"><strong>Zurzeit werden Teile von Fahrkreis \u00fcberarbeitet. Daher ist aktuell kein Download m\u00f6glich<\/strong>.<\/span><\/p>\n\n\n\n<h5 class=\"wp-block-heading\"><strong>Mobilit\u00e4tsauskunft: Mobilit\u00e4t planen<\/strong><\/h5>\n\n\n\n<p>Die Mobilit\u00e4tsauskunft unterst\u00fctzt dabei, Mobilit\u00e4t im Alltag einfacher zu planen. Nach Eingabe von Startort und Ziel sowie der Abfahrts- oder Ankunftszeit, schl\u00e4gt <em>Fahrkreis<\/em> passende Routenoptionen vor. Dabei ber\u00fccksichtigt die App die Kombination verschiedener Verkehrsmittel: Zum Beispiel kann ein Ziel erreicht werden, indem man mit dem Rad zu einer Bushaltestelle in der N\u00e4he f\u00e4hrt, dort in den Bus steigt und nach der Busfahrt den letzten Teil der Strecke zu Fu\u00df geht. Die Mobilit\u00e4tsauskunft ist in der aktuellen Version der App verf\u00fcgbar. Die Funktionen von Fahrkreis werden jedoch in Ausbaustufen nach und nach erweitert.<\/p>\n\n\n\n<h5 class=\"wp-block-heading\"><strong>Mitfahrgelegenheit: Gemeinsam fahren<\/strong><\/h5>\n\n\n\n<p>Nicht ohne Grund hat der PKW in l\u00e4ndlichen R\u00e4umen f\u00fcr viele Menschen eine gro\u00dfe Bedeutung. In vielen Haushalten ist h\u00e4ufig mindestes ein PKW vorhanden. <em>Fahrkreis<\/em> will dabei unterst\u00fctzen, diese vorhandenen Mobilit\u00e4tskapazit\u00e4ten durch Mitfahrgelegenheiten besser auszulasten und auch B\u00fcrgern ohne eigenen PKW Zugang zu einer verbesserten Mobilit\u00e4t zu erm\u00f6glichen.<\/p>\n\n\n\n<h5 class=\"wp-block-heading\"><strong>Community: Einander unterst\u00fctzen<\/strong><\/h5>\n\n\n\n<p>Zuk\u00fcnftig sollen weitere Funktionen das Angebot von <em>Fahrkreis<\/em> erweitern. Ziel ist es, die Gemeinschaft in l\u00e4ndlichen R\u00e4umen zu st\u00e4rken und dadurch auch die Mobilit\u00e4tssituation zu verbessern. Dies wollen wir dadurch erreichen, dass Menschen mit \u00e4hnlichen Interessen zusammengef\u00fchrt werden. So planen wir zum Beispiel eine Funktion, \u00fcber die sich Nutzer der App f\u00fcr gemeinsame Fahrten verabreden k\u00f6nnen. Dies kann etwa eine Fahrt zum Einkaufen und zur\u00fcck sein.<\/p>\n","protected":false},"excerpt":{"rendered":"<p>Ein zentrales Ergebnis des Forschungsprojekts \u201eNEMo \u2013 Nachhaltige Erf\u00fcllung von Mobilit\u00e4tsbed\u00fcrfnissen im l\u00e4ndlichen Raum\u201c ist der Prototyp der NEMo-App Fahrkreis. Die App Fahrkreis soll B\u00fcrgerinnen und B\u00fcrgern l\u00e4ndlicher R\u00e4ume dabei unterst\u00fctzen, einfacher von A nach B zu kommen. Um dies zu erreichen, verfolgt Fahrkreis verschiedene Ans\u00e4tze: Zum Beispiel durch eine <a class=\"more-link\" href=\"https:\/\/nemo-mobilitaet.de\/blog\/de\/fahrkreis-fahrplan\/\">weiterlesen&#8230;<\/a><\/p>\n","protected":false},"author":1,"featured_media":0,"parent":0,"menu_order":0,"comment_status":"closed","ping_status":"closed","template":"","meta":{"footnotes":"","_links_to":"","_links_to_target":""},"_links":{"self":[{"href":"https:\/\/nemo-mobilitaet.de\/blog\/wp-json\/wp\/v2\/pages\/2153"}],"collection":[{"href":"https:\/\/nemo-mobilitaet.de\/blog\/wp-json\/wp\/v2\/pages"}],"about":[{"href":"https:\/\/nemo-mobilitaet.de\/blog\/wp-json\/wp\/v2\/types\/page"}],"author":[{"embeddable":true,"href":"https:\/\/nemo-mobilitaet.de\/blog\/wp-json\/wp\/v2\/users\/1"}],"replies":[{"embeddable":true,"href":"https:\/\/nemo-mobilitaet.de\/blog\/wp-json\/wp\/v2\/comments?post=2153"}],"version-history":[{"count":24,"href":"https:\/\/nemo-mobilitaet.de\/blog\/wp-json\/wp\/v2\/pages\/2153\/revisions"}],"predecessor-version":[{"id":3235,"href":"https:\/\/nemo-mobilitaet.de\/blog\/wp-json\/wp\/v2\/pages\/2153\/revisions\/3235"}],"wp:attachment":[{"href":"https:\/\/nemo-mobilitaet.de\/blog\/wp-json\/wp\/v2\/media?parent=2153"}],"curies":[{"name":"wp","href":"https:\/\/api.w.org\/{rel}","templated":true}]}}