{"id":2082,"date":"2018-07-30T15:02:34","date_gmt":"2018-07-30T13:02:34","guid":{"rendered":"http:\/\/nemo-mobilitaet.de\/blog\/?page_id=2082"},"modified":"2023-02-17T18:35:46","modified_gmt":"2023-02-17T16:35:46","slug":"fahrkreis-faq","status":"publish","type":"page","link":"https:\/\/nemo-mobilitaet.de\/blog\/de\/fahrkreis-faq\/","title":{"rendered":"Fahrkreis &#8211; FAQ"},"content":{"rendered":"<p>Auf dieser Seite finden Sie Antworten auf h\u00e4ufig gestellte Fragen zur NEMo-App &#8220;Fahrkreis&#8221;. Sollten Sie hier keine Antwort auf Ihre Frage finden, nutzen Sie bitte unser <a href=\"https:\/\/nemo-mobilitaet.de\/blog\/de\/kontakt\/\" target=\"_blank\" rel=\"noopener noreferrer\">Kontaktformular<\/a> oder schreiben uns eine <a href=\"mailto:alexander.sandau@uni-oldenburg.de\" data-wplink-edit=\"true\">E-Mail<\/a>.<\/p>\n<p><strong>1.\u00a0 Funktionen<br \/>\n<\/strong><a href=\"#1.1\">1.1\u00a0 Was bietet die NEMo-App \u201eFahrkreis\u201c?<\/a><br \/>\n<a href=\"#1.2\">1.2\u00a0 Was ist der Reiseassistent?<\/a><br \/>\n<a href=\"#1.3\">1.3\u00a0 Wo funktioniert die NEMo-App &#8220;Fahrkreis&#8221;?<\/a><br \/>\n<a href=\"#1.4\">1.4\u00a0 Was unterscheidet die NEMo-App &#8220;Fahrkreis&#8221; von anderen Mobilit\u00e4ts-Apps?<\/a><br \/>\n<a href=\"#1.5\">1.5\u00a0 Wie tr\u00e4gt die NEMo-App &#8220;Fahrkreis&#8221; zu einer umweltfreundlichen Mobilit\u00e4t bei?<\/a><br \/>\n<a href=\"#1.6\">1.6\u00a0 Wieso zeigt die App keine Ticketpreise an?<\/a><\/p>\n<p><strong>2. Registrierung und Datensicherheit<br \/>\n<\/strong><a href=\"#2.1\">2.1\u00a0 Wieso muss ich mich registrieren, um die NEMo-App &#8220;Fahrkreis&#8221; zu nutzen?<\/a><br \/>\n<a href=\"#2.2\">2.2\u00a0 Wie steht es um die Datensicherheit?<\/a><\/p>\n<p><strong>3. Download und Installation<br \/>\n<\/strong><a href=\"#3.1\">3.1\u00a0 Wo kann ich die NEMo-App &#8220;Fahrkreis&#8221; downloaden?<\/a><br \/>\n<a href=\"#3.2\">3.2\u00a0 F\u00fcr welche Betriebssysteme gibt es die NEMo-App &#8220;Fahrkreis&#8221;?<\/a><\/p>\n<p><strong>4. Allgemeines<br \/>\n<\/strong><a href=\"#4.1\">4.1\u00a0 Was kostet die NEMo-App &#8220;Fahrkreis&#8221;? <\/a><br \/>\n<a href=\"#4.2\">4.2\u00a0 Wer steckt hinter der NEMo-App &#8220;Fahrkreis&#8221;?<\/a><br \/>\n<a href=\"#4.3\">4.3\u00a0 An wen kann ich mich bei Fragen wenden?<\/a><\/p>\n<p><strong>1.\u00a0 Funktionen<\/strong><\/p>\n<p><strong>1.1\u00a0 Was bietet die NEMo-App &#8220;Fahrkreis&#8221;? <span id=\"1.1\" class=\"sta-anchor \" aria-hidden=\"true\"><\/span><\/strong><br \/>\nDie NEMo-App \u201eFahrkreis\u201c hilft Ihnen, einfacher von A nach B zu kommen. Kern der App ist die Mobilit\u00e4tsauskunft: Nach Eingabe Ihres Startortes und dem gew\u00fcnschten Ziel sowie der Abfahrts- oder Ankunftszeit, schl\u00e4gt die App Ihnen entsprechende Routen vor. Dabei ber\u00fccksichtigt die App die Kombination verschiedener Verkehrsmittel: Zum Beispiel kann ein Ziel erreicht werden, indem Sie mit dem Rad zur Bushaltestelle fahren, dort in den Bus steigen und nach der Busfahrt den letzten Teil der Strecke zu Fu\u00df gehen.<\/p>\n<p>F\u00fcr eine umfassende Auskunft im Bereich der \u00f6ffentlichen Verkehrsmittel greift die NEMo-App auf die Fahrpl\u00e4ne des Streckennetzes vom Verkehrsverbund Niedersachsen\/Bremen zur\u00fcck. Bahnverbindungen sind bundesweit abgedeckt, da die App die Informationen der Deutschen Bahn nutzt.<\/p>\n<p>Die Funktionen der App werden in Ausbaustufen erweitert. So wird es zuk\u00fcnftig auch m\u00f6glich sein, gemeinsame Fahrten bzw. Mitfahrm\u00f6glichkeiten zu organisieren und durchzuf\u00fchren. Dar\u00fcber hinaus ist es geplant, bis Projektende Funktionen zu erg\u00e4nzen, die die Gemeinschaft im l\u00e4ndlichen Raum st\u00e4rken und dadurch auch die Mobilit\u00e4t verbessern. Ein Beispiel daf\u00fcr sind gemeinsame Fahrten zum Einkaufen.<\/p>\n<p><strong>1.2\u00a0 Was ist der Reiseassistent? <span id=\"1.2\" class=\"sta-anchor \" aria-hidden=\"true\"><\/span><\/strong><br \/>\nTreten Sie mithilfe der NEMo-App \u201eFahrkreis\u201c eine Route zu Ihrem Zielort an, erhalten Sie w\u00e4hrend der Reise wichtige Informationen. Sollten Sie auf Ihrer Route zum Beispiel die Bahn nutzen, informiert der Reiseassistent Sie ggf. \u00fcber aktuelle Verz\u00f6gerungen oder Zugausf\u00e4lle. F\u00fcr den Fall, dass im Verlaufe einer Route mit Niederschlag zu rechnen ist, weist Sie der Reiseassistent daraufhin, einen Regenschirm mitzunehmen. Der Reiseassistent speichert au\u00dferdem abgeschlossene Routen.<\/p>\n<p><strong>1.3\u00a0 Wo funktioniert die NEMo-App &#8220;Fahrkreis&#8221;? <span id=\"1.3\" class=\"sta-anchor \" aria-hidden=\"true\"><\/span><\/strong><br \/>\nDer geografische Schwerpunkt der Mobilit\u00e4tsauskunft liegt auf Niedersachen und Bremen, da die App auf die Fahrpl\u00e4ne des Streckennetzes vom Verkehrsverbund Niedersachsen\/Bremen zur\u00fcckgreift. Allerdings funktioniert die App eingeschr\u00e4nkt auch bundesweit, da im \u00d6PNV-Bereich auf die gleichen Informationen wie bei der Deutschen Bahn zur\u00fcckgegriffen wird.<\/p>\n<p><strong>1.4\u00a0 Was unterscheidet die NEMo-App &#8220;Fahrkreis&#8221; von anderen Mobilit\u00e4ts-Apps? <span id=\"1.4\" class=\"sta-anchor \" aria-hidden=\"true\"><\/span><\/strong><br \/>\nDie NEMo-App \u201eFahrkreis\u201c verfolgt einen umfassenden Ansatz, um die Mobilit\u00e4t in l\u00e4ndlichen R\u00e4umen zu verbessern. Die App bietet eine umfassende Mobilit\u00e4tsauskunft. Im Sommer 2019 wurden Funktion erg\u00e4nzt, mit der Fahrgemeinschaften gebildet werden k\u00f6nnen. Dar\u00fcber hinaus werden bis Proejktende Funktionen in die App integriert, die die Gemeinschaft im l\u00e4ndlichen Raum st\u00e4rken und dadurch auch die Mobilit\u00e4t verbessern. Ein Beispiel daf\u00fcr sind gemeinsame Fahrten zum Einkaufen.<\/p>\n<p><strong>1.5\u00a0 Wie tr\u00e4gt die NEMo-App &#8220;Fahrkreis&#8221; zu einer umweltfreundlichen Mobilit\u00e4t bei? <span id=\"1.5\" class=\"sta-anchor \" aria-hidden=\"true\"><\/span><\/strong><br \/>\nDie NEMo-App \u201eFahrkreis\u201c will Nutzer zum einen dabei unterst\u00fctzen, Ihre Mobilit\u00e4tsbed\u00fcrfnisse besser befriedigen zu k\u00f6nnen. Gleichzeitig will die App auch dazu beitragen Mobilit\u00e4t nachhaltiger zu gestalten. So werden Nutzer etwa bei den Routenvorschl\u00e4gen auch dar\u00fcber informiert wie viel CO<sub>2<\/sub>-Emissionen jeweils verursacht werden.<\/p>\n<p><strong>1.6\u00a0 Wieso zeigt die App keine Ticketpreise an? <span id=\"1.6\" class=\"sta-anchor \" aria-hidden=\"true\"><\/span><\/strong><br \/>\nTicketpreise f\u00fcr die Nutzung \u00f6ffentlicher Verkehrsmittel k\u00f6nnen in der App aufgrund fehlender Rechte leider nicht angezeigt werden.<\/p>\n<p><strong>2.\u00a0 Registrierung und Datensicherheit<\/strong><\/p>\n<p><strong>2.1\u00a0 Wieso muss ich mich registrieren, um die NEMo-App &#8220;Fahrkreis&#8221; zu nutzen? <span id=\"2.1\" class=\"sta-anchor \" aria-hidden=\"true\"><\/span><\/strong><br \/>\nDie App kann nicht ohne Registrierung genutzt werden, da f\u00fcr die Funktion zur Bildung von Fahrgemeinschaften vertrauensschaffende Ma\u00dfnahmen notwendig sind. Au\u00dferdem erm\u00f6glicht eine Registrierung in der NEMo-App \u201eFahrkreis\u201c, dass jeweils auf den Nutzer individuell zugeschnittene Mobilit\u00e4tsangebote ermittelt werden, die insbesondere den privaten Pkw mit seinen Umweltauswirkungen und den tats\u00e4chlichen Kosten ber\u00fccksichtigen. Dar\u00fcber hinaus wird auf Basis des individuellen Mobilit\u00e4tsverhaltens ein monatlicher Bericht erzeugt, der zum Beispiel \u00fcber CO<sub>2<\/sub>-Emissionen und die nutzbare Reisezeit informiert.<\/p>\n<p><strong>2.2\u00a0 Wie steht es um die Datensicherheit <span id=\"2.2\" class=\"sta-anchor \" aria-hidden=\"true\"><\/span><\/strong><br \/>\nWir unterhalten technische Ma\u00dfnahmen, die die Datensicherheit gew\u00e4hrleisten. Hierdurch werden Ihre personenbezogenen Daten auf Ihrem Endger\u00e4t, in unserer Datenbank und w\u00e4hrend der \u00dcbertragung vor dem Zugriff Dritter gesch\u00fctzt. Diese Ma\u00dfnahmen werden stets dem Stand der Technik angepasst. Die \u00dcbertragung der Daten von Ihrem Endger\u00e4t in unsere Datenbank erfolgt \u00fcber eine verschl\u00fcsselte Verbindung (TLS v. 1.2). In dieser werden diese Daten in einer operativen Datenbank gespeichert. Hiervon technisch getrennt ist eine analytische Datenbank, in der die Daten in pseudonymisierter Form ausgewertet werden. Die Datenschutzerkl\u00e4rung zu der App findet sich hier: <a href=\"\/fahrkreis-datenschutzerklaerung\/\" target=\"_blank\" rel=\"noopener noreferrer\">Datenschutzerkl\u00e4rung<\/a><\/p>\n<p><strong>3.\u00a0 Download und Installation<\/strong><\/p>\n<p><strong>3.1\u00a0 Wo kann ich die NEMo-App &#8220;Fahrkreis&#8221; downloaden? <span id=\"3.1\" class=\"sta-anchor \" aria-hidden=\"true\"><\/span><\/strong><\/p>\n<p>Zurzeit werden Teile von Fahrkreis \u00fcberarbeitet. Daher ist aktuell kein Download m\u00f6glich.<\/p>\n<p><strong>3.2\u00a0 F\u00fcr welche Betriebssysteme gibt es die NEMo-App &#8220;Fahrkreis&#8221;? <span id=\"3.2\" class=\"sta-anchor \" aria-hidden=\"true\"><\/span><br \/>\n<\/strong>Die NEMo-App ist f\u00fcr Ger\u00e4te mit Android-(ab Version 6.0 oder h\u00f6her) und iOS-Betriebssystemen (ab Version 12.0 oder h\u00f6her) verf\u00fcgbar.<\/p>\n<p><strong>4.\u00a0 Allgemeines<\/strong><\/p>\n<p><strong>4.1\u00a0 Was kostet die NEMo-App &#8220;Fahrkreis&#8221;? <span id=\"4.1\" class=\"sta-anchor \" aria-hidden=\"true\"><\/span><\/strong><br \/>\nDie <em>Fahrkreis<\/em>-App und die Nutzung sind kostenlos.<\/p>\n<p><strong>4.2\u00a0 Wer steckt hinter der NEMo-App &#8220;Fahrkreis&#8221;? <span id=\"4.2\" class=\"sta-anchor \" aria-hidden=\"true\"><\/span><\/strong><br \/>\nDas Projekt \u201eNEMo \u2013 Nachhaltige Erf\u00fcllung von Mobilit\u00e4tsbed\u00fcrfnisse im l\u00e4ndlichen Raum\u201c ist ein inter- und transdisziplin\u00e4res Forschungsprojekt, an dem insgesamt acht Lehrst\u00fchle von der Universit\u00e4t Oldenburg, der Uni Vechta und der TU Braunschweig beteiligt sind. Die VolkswagenStiftung f\u00f6rdert das Projekt mit ca. 1,5 Millionen Euro. Ein zentrales Ergebnis des Forschungsprojekts ist NEMo-App &#8220;<em>Fahrkreis<\/em>&#8220;. Mehr Informationen finden Sie auch unter: <a href=\"www.nemo-mobilitaet.de\">www.nemo-mobilitaet.de<\/a><\/p>\n<p><strong>4.3\u00a0 An wen kann ich mich bei Fragen wenden? <span id=\"4.3\" class=\"sta-anchor \" aria-hidden=\"true\"><\/span><\/strong><br \/>\nBei technischen R\u00fcckfragen zur NEMo-App \u201e<em>Fahrkreis<\/em>\u201c k\u00f6nnen Sie sich an (<a href=\"mailto:cedrik.theesen@uni-oldenburg.de\">cedrik.theesen[at]uni-oldenburg.de<\/a> ) wenden. Alternativ k\u00f6nnen Sie das <a href=\"https:\/\/www.nemo-mobilitaet.de\/blog\/de\/kontakt\/\">Kontaktformular<\/a> auf der NEMo-Webseite nutzen.<\/p>\n","protected":false},"excerpt":{"rendered":"<p>Auf dieser Seite finden Sie Antworten auf h\u00e4ufig gestellte Fragen zur NEMo-App &#8220;Fahrkreis&#8221;. Sollten Sie hier keine Antwort auf Ihre Frage finden, nutzen Sie bitte unser Kontaktformular oder schreiben uns eine E-Mail. 1.\u00a0 Funktionen 1.1\u00a0 Was bietet die NEMo-App \u201eFahrkreis\u201c? 1.2\u00a0 Was ist der Reiseassistent? 1.3\u00a0 Wo funktioniert die NEMo-App <a class=\"more-link\" href=\"https:\/\/nemo-mobilitaet.de\/blog\/de\/fahrkreis-faq\/\">weiterlesen&#8230;<\/a><\/p>\n","protected":false},"author":1,"featured_media":0,"parent":0,"menu_order":0,"comment_status":"closed","ping_status":"closed","template":"","meta":{"footnotes":"","_links_to":"","_links_to_target":""},"_links":{"self":[{"href":"https:\/\/nemo-mobilitaet.de\/blog\/wp-json\/wp\/v2\/pages\/2082"}],"collection":[{"href":"https:\/\/nemo-mobilitaet.de\/blog\/wp-json\/wp\/v2\/pages"}],"about":[{"href":"https:\/\/nemo-mobilitaet.de\/blog\/wp-json\/wp\/v2\/types\/page"}],"author":[{"embeddable":true,"href":"https:\/\/nemo-mobilitaet.de\/blog\/wp-json\/wp\/v2\/users\/1"}],"replies":[{"embeddable":true,"href":"https:\/\/nemo-mobilitaet.de\/blog\/wp-json\/wp\/v2\/comments?post=2082"}],"version-history":[{"count":40,"href":"https:\/\/nemo-mobilitaet.de\/blog\/wp-json\/wp\/v2\/pages\/2082\/revisions"}],"predecessor-version":[{"id":3299,"href":"https:\/\/nemo-mobilitaet.de\/blog\/wp-json\/wp\/v2\/pages\/2082\/revisions\/3299"}],"wp:attachment":[{"href":"https:\/\/nemo-mobilitaet.de\/blog\/wp-json\/wp\/v2\/media?parent=2082"}],"curies":[{"name":"wp","href":"https:\/\/api.w.org\/{rel}","templated":true}]}}