{"id":17,"date":"2016-04-06T13:15:28","date_gmt":"2016-04-06T11:15:28","guid":{"rendered":"http:\/\/www.nemo-mobilitaet.de\/blog\/?page_id=17"},"modified":"2022-08-16T20:21:50","modified_gmt":"2022-08-16T18:21:50","slug":"kontakt","status":"publish","type":"page","link":"https:\/\/nemo-mobilitaet.de\/blog\/de\/kontakt\/","title":{"rendered":"Kontakt"},"content":{"rendered":"<p>Prof. Dr.-Ing. Jorge Marx G\u00f3mez<br \/>E-Mail: <a href=\"mailto:jorge.marx.gomez@uni-oldenburg.de\">jorge.marx.gomez(at)uni-oldenburg.de<\/a><\/p>\n<p>Johannes Schering<br \/>E-Mail: <a href=\"mailto:johannes.schering@uni-oldenburg.de\">johannes.schering(at)uni-oldenburg.de<\/a><\/p>\n<p><strong>Postanschrift<\/strong><br \/>Carl von Ossietzky Universit\u00e4t Oldenburg<br \/>Fakult\u00e4t II &#8211; Department f\u00fcr Informatik<br \/>Abt. Wirtschaftsinformatik \/ VLBA<br \/>Ammerl\u00e4nder Heerstr. 114-118<br \/>26129 Oldenburg \/ Germany<\/p>\n<p>Tel.: +49 (0) 441 \/ 798 &#8211; 44 78<br \/>Fax: +49 (0) 441 \/ 798 &#8211; 44 72<\/p>\n<p>Informationen zur Anreise unter: <a href=\"https:\/\/www.uni-oldenburg.de\/informatik\/vlba\/anreise\/\" target=\"_blank\" rel=\"noopener noreferrer\">Anreise Universit\u00e4t Oldenburg<\/a><\/p>\n\n\n<hr>\n\n\n\n<!-- <p><strong>Kontaktformular<\/strong><br>[contact-form-7 id=\"2189\" title=\"Kontaktformular\"] <\/p> -->\n","protected":false},"excerpt":{"rendered":"<p>Prof. Dr.-Ing. Jorge Marx G\u00f3mezE-Mail: jorge.marx.gomez(at)uni-oldenburg.de Johannes ScheringE-Mail: johannes.schering(at)uni-oldenburg.de PostanschriftCarl von Ossietzky Universit\u00e4t OldenburgFakult\u00e4t II &#8211; Department f\u00fcr InformatikAbt. Wirtschaftsinformatik \/ VLBAAmmerl\u00e4nder Heerstr. 114-11826129 Oldenburg \/ Germany Tel.: +49 (0) 441 \/ 798 &#8211; 44 78Fax: +49 (0) 441 \/ 798 &#8211; 44 72 Informationen zur Anreise unter: Anreise Universit\u00e4t <a class=\"more-link\" href=\"https:\/\/nemo-mobilitaet.de\/blog\/de\/kontakt\/\">weiterlesen&#8230;<\/a><\/p>\n","protected":false},"author":1,"featured_media":0,"parent":0,"menu_order":0,"comment_status":"closed","ping_status":"closed","template":"","meta":{"footnotes":"","_links_to":"","_links_to_target":""},"_links":{"self":[{"href":"https:\/\/nemo-mobilitaet.de\/blog\/wp-json\/wp\/v2\/pages\/17"}],"collection":[{"href":"https:\/\/nemo-mobilitaet.de\/blog\/wp-json\/wp\/v2\/pages"}],"about":[{"href":"https:\/\/nemo-mobilitaet.de\/blog\/wp-json\/wp\/v2\/types\/page"}],"author":[{"embeddable":true,"href":"https:\/\/nemo-mobilitaet.de\/blog\/wp-json\/wp\/v2\/users\/1"}],"replies":[{"embeddable":true,"href":"https:\/\/nemo-mobilitaet.de\/blog\/wp-json\/wp\/v2\/comments?post=17"}],"version-history":[{"count":21,"href":"https:\/\/nemo-mobilitaet.de\/blog\/wp-json\/wp\/v2\/pages\/17\/revisions"}],"predecessor-version":[{"id":3239,"href":"https:\/\/nemo-mobilitaet.de\/blog\/wp-json\/wp\/v2\/pages\/17\/revisions\/3239"}],"wp:attachment":[{"href":"https:\/\/nemo-mobilitaet.de\/blog\/wp-json\/wp\/v2\/media?parent=17"}],"curies":[{"name":"wp","href":"https:\/\/api.w.org\/{rel}","templated":true}]}}