{"id":1515,"date":"2018-08-15T13:32:03","date_gmt":"2018-08-15T11:32:03","guid":{"rendered":"http:\/\/nemo.informatik.uni-oldenburg.de\/blog\/?page_id=1515"},"modified":"2018-08-15T13:32:03","modified_gmt":"2018-08-15T11:32:03","slug":"fahrkreis-nutzungsanleitung","status":"publish","type":"page","link":"https:\/\/nemo-mobilitaet.de\/blog\/de\/fahrkreis-nutzungsanleitung\/","title":{"rendered":"Fahrkreis &#8211; Nutzungsanleitung"},"content":{"rendered":"<p><br \/>\n<!--\nDies ist eine Schritt-f\u00fcr-Schritt-Anleitung vom erstmaligen Start bis zum erfolgreichen Starten einer Route.\n\n[one_half]Beim erstmaligen Start sehen Sie den allgemeinen Login f\u00fcr die App. Dort k\u00f6nnen Sie sich, falls Sie bereits einen Account besitzen, anmelden. Sollten Sie noch keinen Account haben, registrieren Sie sich bitte. Sollten Sie die App lediglich testen und vom Funktionsumfang \u00fcberzeugen wollen, k\u00f6nnen Sie auch ohne eine Registrierung fortfahren. Bitte beachten Sie dabei, dass das Erlebnis dann aber nur eingeschr\u00e4nkt ist.[\/one_half] [one_half_last]<a href=\"http:\/\/nemo.informatik.uni-oldenburg.de\/blog\/wp-content\/uploads\/2017\/11\/Login-e1512042085970.png\"><img decoding=\"async\" loading=\"lazy\" class=\"tutorialImage alignnone wp-image-1518 size-medium\" src=\"http:\/\/nemo.informatik.uni-oldenburg.de\/blog\/wp-content\/uploads\/2017\/11\/Login-169x300.png\" alt=\"\" width=\"169\" height=\"300\" \/><\/a>[\/one_half_last]\n\n[one_half]<a href=\"http:\/\/nemo.informatik.uni-oldenburg.de\/blog\/wp-content\/uploads\/2017\/11\/register-e1512041682764.png\"><img decoding=\"async\" loading=\"lazy\" class=\"tutorialImage alignright wp-image-1516 size-medium\" src=\"http:\/\/nemo.informatik.uni-oldenburg.de\/blog\/wp-content\/uploads\/2017\/11\/register-169x300.png\" alt=\"\" width=\"169\" height=\"300\" \/><\/a>[\/one_half] [one_half_last]Diese \u00dcbersicht bietet sich Ihnen, wenn Sie sich registrieren m\u00f6chten. Wir m\u00f6chten ausdr\u00fccklich darauf hinweisen, dass die \u00dcbertragung Ihrer Daten verschl\u00fcsselt stattfindet und wir den Datenschutz sehr ernst nehmen. N\u00e4heres dazu k\u00f6nnen Sie in der App in der Rubrik \"Rechtliches\" lesen.[\/one_half_last]\n\n[one_half]Nachdem Sie sich angemeldet haben sind Sie in der Sicht der Routenplanung. Hier k\u00f6nnen Sie \u00fcber die unterschiedlichen Buttons Ihren Start- und Zielort eingeben. Sie haben zus\u00e4tzlich die M\u00f6glichkeit einen Ort zu bestimmen \u00fcber den Sie reisen m\u00f6chten. Diesen Ort k\u00f6nnen Sie durch eine Wischbewegung \u00fcber den Button l\u00f6schen. Nach der Eingabe des Start- und Zielortes, kann \u00fcber den folgenden Button gesteuert werden, ob die ausgew\u00e4hlten Zeiten f\u00fcr die Abfahrt oder Ankunft gesucht werden sollen. Der n\u00e4chste Button bestimmt den Zeitraum f\u00fcr die Suche der Verbindungen. Der letzte standardm\u00e4\u00dfige Button zeigt die Anzahl Ihrer Mitfahrer an. Dar\u00fcber k\u00f6nnen Sie steuern wie viele Personen mit Ihnen mitreisen. Dementsprechend werden dann Verbindungen gesucht. Durch die Bet\u00e4tigung des Buttons \"weiter\" werden nach Ihren Vorgaben passende Routen gesucht.[\/one_half] [one_half_last]<a href=\"http:\/\/nemo.informatik.uni-oldenburg.de\/blog\/wp-content\/uploads\/2017\/11\/RouteSearch.png\"><img decoding=\"async\" loading=\"lazy\" class=\"tutorialImage alignnone wp-image-1522 size-medium\" src=\"http:\/\/nemo.informatik.uni-oldenburg.de\/blog\/wp-content\/uploads\/2017\/11\/RouteSearch-169x300.png\" alt=\"\" width=\"169\" height=\"300\" srcset=\"https:\/\/nemo-mobilitaet.de\/wp-content\/uploads\/2017\/11\/RouteSearch-169x300.png 169w, https:\/\/nemo-mobilitaet.de\/wp-content\/uploads\/2017\/11\/RouteSearch-768x1365.png 768w, https:\/\/nemo-mobilitaet.de\/wp-content\/uploads\/2017\/11\/RouteSearch-576x1024.png 576w, https:\/\/nemo-mobilitaet.de\/wp-content\/uploads\/2017\/11\/RouteSearch.png 1080w\" sizes=\"(max-width: 169px) 100vw, 169px\" \/><\/a>[\/one_half_last]\n\n[one_half]<a href=\"http:\/\/nemo.informatik.uni-oldenburg.de\/blog\/wp-content\/uploads\/2017\/11\/routeSearching.png\"><img decoding=\"async\" loading=\"lazy\" class=\"tutorialImage alignright wp-image-1524 size-medium\" src=\"http:\/\/nemo.informatik.uni-oldenburg.de\/blog\/wp-content\/uploads\/2017\/11\/routeSearching-169x300.png\" alt=\"\" width=\"169\" height=\"300\" srcset=\"https:\/\/nemo-mobilitaet.de\/wp-content\/uploads\/2017\/11\/routeSearching-169x300.png 169w, https:\/\/nemo-mobilitaet.de\/wp-content\/uploads\/2017\/11\/routeSearching-768x1365.png 768w, https:\/\/nemo-mobilitaet.de\/wp-content\/uploads\/2017\/11\/routeSearching-576x1024.png 576w, https:\/\/nemo-mobilitaet.de\/wp-content\/uploads\/2017\/11\/routeSearching.png 1080w\" sizes=\"(max-width: 169px) 100vw, 169px\" \/><\/a>[\/one_half] [one_half_last]Diese \u00dcbersicht erscheint, wenn Sie die Suche nach einer Verbindung gestartet haben. Bitte haben Sie hier ein wenig Geduld, diese Anfrage kann ca. 30 Sekunden in Anspruch nehmen.[\/one_half_last]\n\n[one_half]Nach der erfolgreichen Routensuche wird Ihnen diese \u00dcbersicht pr\u00e4sentiert. Im oberen Drittel des Bildes befindet sich eine kurze \u00dcbersicht Ihrer eingegebenen Daten. Darunter befinden sich mehrere Vorschl\u00e4ge zur Erreichung Ihres Zielortes. Sie k\u00f6nnen eine Verbindung direkt starten indem Sie den Startbutton in der entsprechenden Zeile dr\u00fccken. Durch einen Druck auf die Zeile wird Ihnen eine \u00dcbersicht der gesamten Route mit allen Eckdaten pr\u00e4sentiert. N\u00e4heres wird im n\u00e4chsten Schritt dazu erl\u00e4utert.[\/one_half] [one_half_last]<a href=\"http:\/\/nemo.informatik.uni-oldenburg.de\/blog\/wp-content\/uploads\/2017\/11\/routeSearchResults.png\"><img decoding=\"async\" loading=\"lazy\" class=\"tutorialImage alignnone wp-image-1526 size-medium\" src=\"http:\/\/nemo.informatik.uni-oldenburg.de\/blog\/wp-content\/uploads\/2017\/11\/routeSearchResults-169x300.png\" alt=\"\" width=\"169\" height=\"300\" srcset=\"https:\/\/nemo-mobilitaet.de\/wp-content\/uploads\/2017\/11\/routeSearchResults-169x300.png 169w, https:\/\/nemo-mobilitaet.de\/wp-content\/uploads\/2017\/11\/routeSearchResults-768x1365.png 768w, https:\/\/nemo-mobilitaet.de\/wp-content\/uploads\/2017\/11\/routeSearchResults-576x1024.png 576w, https:\/\/nemo-mobilitaet.de\/wp-content\/uploads\/2017\/11\/routeSearchResults.png 1080w\" sizes=\"(max-width: 169px) 100vw, 169px\" \/><\/a>[\/one_half_last]\n\n[one_half]<a href=\"http:\/\/nemo.informatik.uni-oldenburg.de\/blog\/wp-content\/uploads\/2017\/11\/routeSearchDetails.png\"><img decoding=\"async\" loading=\"lazy\" class=\"tutorialImage alignright wp-image-1523 size-medium\" src=\"http:\/\/nemo.informatik.uni-oldenburg.de\/blog\/wp-content\/uploads\/2017\/11\/routeSearchDetails-169x300.png\" alt=\"\" width=\"169\" height=\"300\" srcset=\"https:\/\/nemo-mobilitaet.de\/wp-content\/uploads\/2017\/11\/routeSearchDetails-169x300.png 169w, https:\/\/nemo-mobilitaet.de\/wp-content\/uploads\/2017\/11\/routeSearchDetails-768x1365.png 768w, https:\/\/nemo-mobilitaet.de\/wp-content\/uploads\/2017\/11\/routeSearchDetails-576x1024.png 576w, https:\/\/nemo-mobilitaet.de\/wp-content\/uploads\/2017\/11\/routeSearchDetails.png 1080w\" sizes=\"(max-width: 169px) 100vw, 169px\" \/><\/a>[\/one_half] [one_half_last]Dies ist die detaillierte \u00dcbersicht \u00fcber eine Route. Hier k\u00f6nnen einzelne Abfahrtszeiten eingesehen werden. Zudem bietet die detaillierte \u00dcbersicht die M\u00f6glichkeit einzelne Routenabschnitte in einer Karte anzusehen. Nachdem die detaillierten Informationen in Augenschein genommen wurden, kann auch in dieser \u00dcbersicht die Reise gestartet werden.[\/one_half_last]\n\n[one_half]Nachdem erstmalig eine Reise gestartet wurde bekommen Sie eine Push-Nachricht mit der Vorstellung des Reiseassistenten, dieser meldet Ihnen St\u00f6rungen und Wetterwarnungen f\u00fcr Ihren Reisezeitraum. Zudem werden Sie in die \u00dcbersicht des Reiseassistenten geleitet. Dort erhalten Sie eine \u00dcbersicht \u00fcber alle wichtigen Daten Ihrer Reise.[\/one_half] [one_half_last]<a href=\"http:\/\/nemo.informatik.uni-oldenburg.de\/blog\/wp-content\/uploads\/2017\/11\/assistent.png\"><img decoding=\"async\" loading=\"lazy\" class=\"tutorialImage alignnone wp-image-1517 size-medium\" src=\"http:\/\/nemo.informatik.uni-oldenburg.de\/blog\/wp-content\/uploads\/2017\/11\/assistent-169x300.png\" alt=\"\" width=\"169\" height=\"300\" srcset=\"https:\/\/nemo-mobilitaet.de\/wp-content\/uploads\/2017\/11\/assistent-169x300.png 169w, https:\/\/nemo-mobilitaet.de\/wp-content\/uploads\/2017\/11\/assistent-768x1365.png 768w, https:\/\/nemo-mobilitaet.de\/wp-content\/uploads\/2017\/11\/assistent-576x1024.png 576w, https:\/\/nemo-mobilitaet.de\/wp-content\/uploads\/2017\/11\/assistent.png 1080w\" sizes=\"(max-width: 169px) 100vw, 169px\" \/><\/a>[\/one_half_last]\n\n\n<div><\/div>\n\n--><\/p>\n","protected":false},"excerpt":{"rendered":"","protected":false},"author":1,"featured_media":0,"parent":0,"menu_order":0,"comment_status":"closed","ping_status":"closed","template":"","meta":{"footnotes":"","_links_to":"","_links_to_target":""},"_links":{"self":[{"href":"https:\/\/nemo-mobilitaet.de\/blog\/wp-json\/wp\/v2\/pages\/1515"}],"collection":[{"href":"https:\/\/nemo-mobilitaet.de\/blog\/wp-json\/wp\/v2\/pages"}],"about":[{"href":"https:\/\/nemo-mobilitaet.de\/blog\/wp-json\/wp\/v2\/types\/page"}],"author":[{"embeddable":true,"href":"https:\/\/nemo-mobilitaet.de\/blog\/wp-json\/wp\/v2\/users\/1"}],"replies":[{"embeddable":true,"href":"https:\/\/nemo-mobilitaet.de\/blog\/wp-json\/wp\/v2\/comments?post=1515"}],"version-history":[{"count":27,"href":"https:\/\/nemo-mobilitaet.de\/blog\/wp-json\/wp\/v2\/pages\/1515\/revisions"}],"predecessor-version":[{"id":2462,"href":"https:\/\/nemo-mobilitaet.de\/blog\/wp-json\/wp\/v2\/pages\/1515\/revisions\/2462"}],"wp:attachment":[{"href":"https:\/\/nemo-mobilitaet.de\/blog\/wp-json\/wp\/v2\/media?parent=1515"}],"curies":[{"name":"wp","href":"https:\/\/api.w.org\/{rel}","templated":true}]}}